{"id":772,"date":"2023-10-11T18:09:31","date_gmt":"2023-10-11T16:09:31","guid":{"rendered":"https:\/\/www.energydata-x.eu\/datenschutz\/"},"modified":"2024-05-15T13:13:59","modified_gmt":"2024-05-15T11:13:59","slug":"datenschutz","status":"publish","type":"page","link":"https:\/\/www.energydata-x.eu\/en\/datenschutz\/","title":{"rendered":"Data Protection"},"content":{"rendered":"<h1><\/h1>\n<p>&nbsp;<\/p>\n<p>&nbsp;<\/p>\n<h1>Datenschutz<\/h1>\n<p><strong>Kontaktdaten Verantwortlicher<\/strong><\/p>\n<p>Deutsche TenneT Gruppe, Unternehmensleitung TenneT TSO GmbH, Bernecker Str. 70, 95448 Bayreuth<\/p>\n<p><strong>Verarbeitungsrahmen<\/strong><\/p>\n<p>\u201ePersonenbezogene Daten\u201c sind alle Informationen, die sich auf eine identifizierte oder identifizierbare nat\u00fcrliche Person (im Folgenden \u201ebetroffene Person\u201c) beziehen. Als identifizierbar wird eine nat\u00fcrliche Person angesehen, die direkt oder indirekt, insbesondere mittels Zuordnung zu einer Kennung wie einem Namen, zu einer Kennnummer, zu Standortdaten, zu einer Online-Kennung oder zu einem oder mehreren besonderen Merkmalen identifiziert werden kann, die Ausdruck der physischen, physiologischen, genetischen, psychischen, wirtschaftlichen, kulturellen oder sozialen Identit\u00e4t dieser nat\u00fcrlichen Person sind.<\/p>\n<p>TenneT ist Konsortialf\u00fchrer des Verbundforschungsprojektes InnoSys 2030. Damit ist TenneT f\u00fcr die Projektorganisation und Datenverwaltung verantwortlich. Es wird mit mehreren Hundert beteiligten Personen bei den Partnern und externen Stakeholdern gerechnet.<\/p>\n<p>Durch die Nutzung dieser Website werden folgende personenbezogenen Daten erhoben:<\/p>\n<p>IP-Adresse<br \/>\nBei Nutzung des Kontaktformulares: Name, E-Mail-Adresse<\/p>\n<p><strong>Betroffenenrechte<\/strong><\/p>\n<p>Zur Wahrnehmung Ihrer Rechte wenden Sie sich bitte unseren Datenschutzbeauftragten Datenschutz@tennet.eu oder postalisch an TenneT TSO GmbH, Datenschutzbeauftragter, Bernecker Stra\u00dfe 70, 95548 Bayreuth. F\u00fcr die Umsetzung von Berichtigungen und Ausk\u00fcnften ist eine Authentifizierung erforderlich (Nachweis der \u00c4nderungsgrundlage)<\/p>\n<p>Als betroffene Person im Sinne der DSGVO haben Sie grunds\u00e4tzlich folgende Rechte:<\/p>\n<p>Sie haben das Recht, Auskunft \u00fcber Ihre verarbeiteten Daten zu erhalten (Art. 15 DSGVO), unrichtige personenbezogene Daten bzw. unvollst\u00e4ndige Daten korrigieren bzw. vervollst\u00e4ndigen zu lassen.<br \/>\nSie haben unter bestimmten gesetzlichen Voraussetzungen Rechte auf L\u00f6schung (Art. 17 DSGVO), Einschr\u00e4nkung der Verarbeitung (Art. 18 DSGVO), auf Erhalt oder \u00dcbertragung (Art. 20 DSGVO), Widerspruch gegen die Verarbeitung (Art. 21 DSGVO) der Sie betreffenden personenbezogenen Daten.<br \/>\nSie haben das Recht auf Beschwerde bei einer Aufsichtsbeh\u00f6rde (Art. 77 DSGVO). Sie k\u00f6nnen sich hierzu z. B. an die Datenschutzaufsichtsbeh\u00f6rde wenden.<br \/>\nSie haben das Recht auf Widerruf Ihrer Einwilligung: Sie k\u00f6nnen Ihre abgegebenen Einwilligungen in die Verarbeitung Ihrer personenbezogenen Daten jederzeit mit Wirkung f\u00fcr die Zukunft zu widerrufen und die unverz\u00fcgliche L\u00f6schung Ihrer personenbezogenen Daten fordern. Die Rechtm\u00e4\u00dfigkeit der auf Grund der Einwilligung bis zum Widerruf erfolgten Verarbeitung bleibt dabei vom Widerruf unber\u00fchrt. Die L\u00f6schung der personenbezogenen Daten kann nur erfolgen, wenn es an einer anderweitigen Rechtsgrundlage f\u00fcr die Verarbeitung fehlt. Richten Sie Ihre Widerrufserkl\u00e4rung bitte an unseren Datenschutzbeauftragten an datenschutz@tennet.eu.<\/p>\n<p><strong>Kontaktdaten Datenschutzbeauftragter<\/strong><\/p>\n<p>TenneT TSO GmbH, Datenschutzbeauftragter, Bernecker Stra\u00dfe 70, 95448 Bayreuth, Datenschutz@tennet.eu<br \/>\nHerkunft\/Quelle<\/p>\n<p>Die personenbezogenen Daten erh\u00e4lt TenneT entweder direkt von den Projektbeteiligten bzw. Stakeholdern (z.B. \u00fcber das auf der Webseite bereitgestellte Kontaktformular) oder indirekt \u00fcber die Projektbeteiligten bzw. Vertreter von Organisationen.<br \/>\nWeitergabe und Auslandsbezug &amp; Datenverarbeitung in Drittl\u00e4ndern<\/p>\n<p>Der Dienstleister ADACOR Hosting GmbH (Emmastra\u00dfe 70a, 45130 Essen) hat zur Erf\u00fcllung der genannten Zwecke im erforderlichen Umfang Zugriff auf Ihre personenbezogenen Daten.<\/p>\n<p>TenneT ist bestrebt, nur Auftragsverarbeiter in der Europ\u00e4ischen Union zu nutzen. Wenn TenneT beabsichtigt, personenbezogene Daten in ein Drittland au\u00dferhalb der Europ\u00e4ischen Union zu \u00fcbertragen, wird TenneT Sie ausdr\u00fccklich und rechtzeitig \u00fcber die geplante \u00dcbertragung, die Rechtsgrundlage hierf\u00fcr und die Art des Schutzes Ihrer personenbezogenen Daten im Anschluss an die \u00dcbertragung informieren.<\/p>\n<p>Bei Verwendung des Kontaktformulars erh\u00e4lt nur die TenneT TSO GmbH Zugriff auf die Daten. Im Einzelfall erfolgt eine Weitergabe der Anfrage an Projektpartner zur Kl\u00e4rung des Sachverhaltes.<\/p>\n<p>Es kann zu einer Weitergabe von personenbezogenen Daten innerhalb der TenneT Gruppe (an die TenneT GmbH &amp; Co. KG) kommen.<br \/>\nRechtsgrundlage, Zweck &amp; Dauer der Speicherung<\/p>\n<p>Wir verarbeiten personenbezogene Daten im Rahmen der datenschutzrechtlichen Vorgaben.<br \/>\nDie Rechtsgrundlage f\u00fcr die Verarbeitung personenbezogener Daten liegen auf Basis Ihrer Einwilligung (Art. 6 Abs. 1 a) DSGVO) oder auf Basis zur Durchf\u00fchrung eines Vertrags mit Ihnen (Art. 6 Abs. 1 b) DSGVO) oder auf Basis von berechtigtem Interesse (Art. 6 Abs. 1 f) DSGVO).<\/p>\n<p>Zweck der Erhebung, Speicherung sowie weitere Verarbeitung Ihrer personenbezogenen Daten liegt im Zugang zu dieser Website.<\/p>\n<p>Wir l\u00f6schen bzw. vernichten personenbezogene Daten bei Zweckerreichung (Projektabschluss) bzw. wenn der Zweck der Datenerhebung entf\u00e4llt. Die Dauer der Speicherung ist abh\u00e4ngig von der Zweckbestimmung und kann daher im Umfang und Zeitraum variieren, sp\u00e4testens jedoch nach Projektabschluss.<\/p>\n","protected":false},"excerpt":{"rendered":"<p>&nbsp; &nbsp; Datenschutz Kontaktdaten Verantwortlicher Deutsche TenneT Gruppe, Unternehmensleitung TenneT TSO GmbH, Bernecker Str. 70, 95448 Bayreuth Verarbeitungsrahmen \u201ePersonenbezogene Daten\u201c sind alle Informationen, die sich auf eine identifizierte oder identifizierbare nat\u00fcrliche Person (im Folgenden \u201ebetroffene Person\u201c) beziehen. Als identifizierbar wird eine nat\u00fcrliche Person angesehen, die direkt oder indirekt, insbesondere mittels Zuordnung zu einer Kennung wie [&hellip;]<\/p>\n","protected":false},"author":1,"featured_media":0,"parent":0,"menu_order":5,"comment_status":"closed","ping_status":"closed","template":"_template_rechtliches.php","meta":{"_acf_changed":false,"footnotes":""},"class_list":["post-772","page","type-page","status-publish","hentry"],"acf":[],"yoast_head":"<!-- This site is optimized with the Yoast SEO plugin v27.0 - https:\/\/yoast.com\/product\/yoast-seo-wordpress\/ -->\n<title>Data Protection - Energy data-X<\/title>\n<meta name=\"robots\" content=\"index, follow, max-snippet:-1, max-image-preview:large, max-video-preview:-1\" \/>\n<link rel=\"canonical\" href=\"https:\/\/www.energydata-x.eu\/en\/datenschutz\/\" \/>\n<meta property=\"og:locale\" content=\"en_US\" \/>\n<meta property=\"og:type\" content=\"article\" \/>\n<meta property=\"og:title\" content=\"Data Protection - Energy data-X\" \/>\n<meta property=\"og:description\" content=\"&nbsp; &nbsp; Datenschutz Kontaktdaten Verantwortlicher Deutsche TenneT Gruppe, Unternehmensleitung TenneT TSO GmbH, Bernecker Str. 70, 95448 Bayreuth Verarbeitungsrahmen \u201ePersonenbezogene Daten\u201c sind alle Informationen, die sich auf eine identifizierte oder identifizierbare nat\u00fcrliche Person (im Folgenden \u201ebetroffene Person\u201c) beziehen. Als identifizierbar wird eine nat\u00fcrliche Person angesehen, die direkt oder indirekt, insbesondere mittels Zuordnung zu einer Kennung wie [&hellip;]\" \/>\n<meta property=\"og:url\" content=\"https:\/\/www.energydata-x.eu\/en\/datenschutz\/\" \/>\n<meta property=\"og:site_name\" content=\"Energy data-X\" \/>\n<meta property=\"article:modified_time\" content=\"2024-05-15T11:13:59+00:00\" \/>\n<meta name=\"twitter:card\" content=\"summary_large_image\" \/>\n<meta name=\"twitter:label1\" content=\"Est. reading time\" \/>\n\t<meta name=\"twitter:data1\" content=\"4 minutes\" \/>\n<script type=\"application\/ld+json\" class=\"yoast-schema-graph\">{\"@context\":\"https:\/\/schema.org\",\"@graph\":[{\"@type\":\"WebPage\",\"@id\":\"https:\/\/www.energydata-x.eu\/en\/datenschutz\/\",\"url\":\"https:\/\/www.energydata-x.eu\/en\/datenschutz\/\",\"name\":\"Data Protection - Energy data-X\",\"isPartOf\":{\"@id\":\"https:\/\/www.energydata-x.eu\/en\/#website\"},\"datePublished\":\"2023-10-11T16:09:31+00:00\",\"dateModified\":\"2024-05-15T11:13:59+00:00\",\"breadcrumb\":{\"@id\":\"https:\/\/www.energydata-x.eu\/en\/datenschutz\/#breadcrumb\"},\"inLanguage\":\"en-US\",\"potentialAction\":[{\"@type\":\"ReadAction\",\"target\":[\"https:\/\/www.energydata-x.eu\/en\/datenschutz\/\"]}]},{\"@type\":\"BreadcrumbList\",\"@id\":\"https:\/\/www.energydata-x.eu\/en\/datenschutz\/#breadcrumb\",\"itemListElement\":[{\"@type\":\"ListItem\",\"position\":1,\"name\":\"Startseite\",\"item\":\"https:\/\/www.energydata-x.eu\/en\/\"},{\"@type\":\"ListItem\",\"position\":2,\"name\":\"Data Protection\"}]},{\"@type\":\"WebSite\",\"@id\":\"https:\/\/www.energydata-x.eu\/en\/#website\",\"url\":\"https:\/\/www.energydata-x.eu\/en\/\",\"name\":\"Energy data-X\",\"description\":\"\",\"potentialAction\":[{\"@type\":\"SearchAction\",\"target\":{\"@type\":\"EntryPoint\",\"urlTemplate\":\"https:\/\/www.energydata-x.eu\/en\/?s={search_term_string}\"},\"query-input\":{\"@type\":\"PropertyValueSpecification\",\"valueRequired\":true,\"valueName\":\"search_term_string\"}}],\"inLanguage\":\"en-US\"}]}<\/script>\n<!-- \/ Yoast SEO plugin. -->","yoast_head_json":{"title":"Data Protection - Energy data-X","robots":{"index":"index","follow":"follow","max-snippet":"max-snippet:-1","max-image-preview":"max-image-preview:large","max-video-preview":"max-video-preview:-1"},"canonical":"https:\/\/www.energydata-x.eu\/en\/datenschutz\/","og_locale":"en_US","og_type":"article","og_title":"Data Protection - Energy data-X","og_description":"&nbsp; &nbsp; Datenschutz Kontaktdaten Verantwortlicher Deutsche TenneT Gruppe, Unternehmensleitung TenneT TSO GmbH, Bernecker Str. 70, 95448 Bayreuth Verarbeitungsrahmen \u201ePersonenbezogene Daten\u201c sind alle Informationen, die sich auf eine identifizierte oder identifizierbare nat\u00fcrliche Person (im Folgenden \u201ebetroffene Person\u201c) beziehen. Als identifizierbar wird eine nat\u00fcrliche Person angesehen, die direkt oder indirekt, insbesondere mittels Zuordnung zu einer Kennung wie [&hellip;]","og_url":"https:\/\/www.energydata-x.eu\/en\/datenschutz\/","og_site_name":"Energy data-X","article_modified_time":"2024-05-15T11:13:59+00:00","twitter_card":"summary_large_image","twitter_misc":{"Est. reading time":"4 minutes"},"schema":{"@context":"https:\/\/schema.org","@graph":[{"@type":"WebPage","@id":"https:\/\/www.energydata-x.eu\/en\/datenschutz\/","url":"https:\/\/www.energydata-x.eu\/en\/datenschutz\/","name":"Data Protection - Energy data-X","isPartOf":{"@id":"https:\/\/www.energydata-x.eu\/en\/#website"},"datePublished":"2023-10-11T16:09:31+00:00","dateModified":"2024-05-15T11:13:59+00:00","breadcrumb":{"@id":"https:\/\/www.energydata-x.eu\/en\/datenschutz\/#breadcrumb"},"inLanguage":"en-US","potentialAction":[{"@type":"ReadAction","target":["https:\/\/www.energydata-x.eu\/en\/datenschutz\/"]}]},{"@type":"BreadcrumbList","@id":"https:\/\/www.energydata-x.eu\/en\/datenschutz\/#breadcrumb","itemListElement":[{"@type":"ListItem","position":1,"name":"Startseite","item":"https:\/\/www.energydata-x.eu\/en\/"},{"@type":"ListItem","position":2,"name":"Data Protection"}]},{"@type":"WebSite","@id":"https:\/\/www.energydata-x.eu\/en\/#website","url":"https:\/\/www.energydata-x.eu\/en\/","name":"Energy data-X","description":"","potentialAction":[{"@type":"SearchAction","target":{"@type":"EntryPoint","urlTemplate":"https:\/\/www.energydata-x.eu\/en\/?s={search_term_string}"},"query-input":{"@type":"PropertyValueSpecification","valueRequired":true,"valueName":"search_term_string"}}],"inLanguage":"en-US"}]}},"_links":{"self":[{"href":"https:\/\/www.energydata-x.eu\/en\/wp-json\/wp\/v2\/pages\/772","targetHints":{"allow":["GET"]}}],"collection":[{"href":"https:\/\/www.energydata-x.eu\/en\/wp-json\/wp\/v2\/pages"}],"about":[{"href":"https:\/\/www.energydata-x.eu\/en\/wp-json\/wp\/v2\/types\/page"}],"author":[{"embeddable":true,"href":"https:\/\/www.energydata-x.eu\/en\/wp-json\/wp\/v2\/users\/1"}],"replies":[{"embeddable":true,"href":"https:\/\/www.energydata-x.eu\/en\/wp-json\/wp\/v2\/comments?post=772"}],"version-history":[{"count":1,"href":"https:\/\/www.energydata-x.eu\/en\/wp-json\/wp\/v2\/pages\/772\/revisions"}],"predecessor-version":[{"id":774,"href":"https:\/\/www.energydata-x.eu\/en\/wp-json\/wp\/v2\/pages\/772\/revisions\/774"}],"wp:attachment":[{"href":"https:\/\/www.energydata-x.eu\/en\/wp-json\/wp\/v2\/media?parent=772"}],"curies":[{"name":"wp","href":"https:\/\/api.w.org\/{rel}","templated":true}]}}